{"id":32,"date":"2025-08-08T17:28:05","date_gmt":"2025-08-08T17:28:05","guid":{"rendered":"https:\/\/cadenzagrouprd.com\/?page_id=32"},"modified":"2025-11-21T11:24:47","modified_gmt":"2025-11-21T15:24:47","slug":"portada","status":"publish","type":"page","link":"https:\/\/cadenzagrouprd.com\/en\/","title":{"rendered":"Home page"},"content":{"rendered":"<div data-elementor-type=\"wp-page\" data-elementor-id=\"32\" class=\"elementor elementor-32\" data-elementor-post-type=\"page\">\n\t\t\t\t<div class=\"elementor-element elementor-element-be74583 e-con-full e-flex e-con e-parent\" data-id=\"be74583\" data-element_type=\"container\" data-e-type=\"container\">\n\t\t<div class=\"elementor-element elementor-element-47a0933 e-con-full e-flex e-con e-child\" data-id=\"47a0933\" data-element_type=\"container\" data-e-type=\"container\" data-settings=\"{&quot;background_background&quot;:&quot;classic&quot;}\">\n\t\t\t\t<div class=\"elementor-element elementor-element-900a60d elementor-invisible elementor-widget elementor-widget-heading\" data-id=\"900a60d\" data-element_type=\"widget\" data-e-type=\"widget\" data-settings=\"{&quot;_animation&quot;:&quot;slideInLeft&quot;}\" data-widget_type=\"heading.default\">\n\t\t\t\t\t<h2 class=\"elementor-heading-title elementor-size-default\">CADENZA<\/h2>\t\t\t\t<\/div>\n\t\t\t\t<div class=\"elementor-element elementor-element-2089a9e elementor-invisible elementor-widget elementor-widget-heading\" data-id=\"2089a9e\" data-element_type=\"widget\" data-e-type=\"widget\" data-settings=\"{&quot;_animation&quot;:&quot;slideInLeft&quot;}\" data-widget_type=\"heading.default\">\n\t\t\t\t\t<h2 class=\"elementor-heading-title elementor-size-default\">GROUP<\/h2>\t\t\t\t<\/div>\n\t\t\t\t<div class=\"elementor-element elementor-element-7a825f9 elementor-widget elementor-widget-spacer\" data-id=\"7a825f9\" data-element_type=\"widget\" data-e-type=\"widget\" data-widget_type=\"spacer.default\">\n\t\t\t\t\t\t\t<div class=\"elementor-spacer\">\n\t\t\t<div class=\"elementor-spacer-inner\"><\/div>\n\t\t<\/div>\n\t\t\t\t\t\t<\/div>\n\t\t\t\t<div class=\"elementor-element elementor-element-b93af7c elementor-invisible elementor-widget elementor-widget-heading\" data-id=\"b93af7c\" data-element_type=\"widget\" data-e-type=\"widget\" data-settings=\"{&quot;_animation&quot;:&quot;slideInLeft&quot;}\" data-widget_type=\"heading.default\">\n\t\t\t\t\t<h2 class=\"elementor-heading-title elementor-size-default\">CORPORATE BUSINESS CONSULTING<\/h2>\t\t\t\t<\/div>\n\t\t\t\t<\/div>\n\t\t<div class=\"elementor-element elementor-element-45321d0 e-con-full e-flex e-con e-child\" data-id=\"45321d0\" data-element_type=\"container\" data-e-type=\"container\" data-settings=\"{&quot;background_background&quot;:&quot;classic&quot;,&quot;animation&quot;:&quot;none&quot;}\">\n\t\t\t\t<\/div>\n\t\t\t\t<\/div>\n\t\t<div class=\"elementor-element elementor-element-e18b345 e-flex e-con-boxed elementor-invisible e-con e-parent\" data-id=\"e18b345\" data-element_type=\"container\" data-e-type=\"container\" data-settings=\"{&quot;animation&quot;:&quot;slideInLeft&quot;}\">\n\t\t\t\t\t<div class=\"e-con-inner\">\n\t\t\t\t<div class=\"elementor-element elementor-element-83642dd elementor-widget elementor-widget-heading\" data-id=\"83642dd\" data-element_type=\"widget\" data-e-type=\"widget\" data-widget_type=\"heading.default\">\n\t\t\t\t\t<h2 class=\"elementor-heading-title elementor-size-default\">Our Services<\/h2>\t\t\t\t<\/div>\n\t\t\t\t\t<\/div>\n\t\t\t\t<\/div>\n\t\t<div class=\"elementor-element elementor-element-7352a42 e-flex e-con-boxed elementor-invisible e-con e-parent\" data-id=\"7352a42\" data-element_type=\"container\" data-e-type=\"container\" data-settings=\"{&quot;animation&quot;:&quot;slideInUp&quot;}\">\n\t\t\t\t\t<div class=\"e-con-inner\">\n\t\t<div class=\"elementor-element elementor-element-8a1fc03 e-con-full e-flex e-con e-child\" data-id=\"8a1fc03\" data-element_type=\"container\" data-e-type=\"container\">\n\t\t\t\t<div class=\"elementor-element elementor-element-8380d0f elementor-widget elementor-widget-image\" data-id=\"8380d0f\" data-element_type=\"widget\" data-e-type=\"widget\" data-widget_type=\"image.default\">\n\t\t\t\t\t\t\t\t\t\t\t\t\t\t\t\t<a href=\"https:\/\/cadenzagrouprd.com\/en\/nuestros-servicios\/\">\n\t\t\t\t\t\t\t<img fetchpriority=\"high\" decoding=\"async\" width=\"664\" height=\"372\" src=\"https:\/\/cadenzagrouprd.com\/wp-content\/uploads\/2025\/08\/Cadenza_s1.png\" class=\"elementor-animation-grow attachment-large size-large wp-image-72\" alt=\"\" srcset=\"https:\/\/cadenzagrouprd.com\/wp-content\/uploads\/2025\/08\/Cadenza_s1.png 664w, https:\/\/cadenzagrouprd.com\/wp-content\/uploads\/2025\/08\/Cadenza_s1-300x168.png 300w\" sizes=\"(max-width: 664px) 100vw, 664px\" \/>\t\t\t\t\t\t\t\t<\/a>\n\t\t\t\t\t\t\t\t\t\t\t\t\t\t\t<\/div>\n\t\t\t\t<div class=\"elementor-element elementor-element-7f7818e elementor-widget elementor-widget-heading\" data-id=\"7f7818e\" data-element_type=\"widget\" data-e-type=\"widget\" data-widget_type=\"heading.default\">\n\t\t\t\t\t<h2 class=\"elementor-heading-title elementor-size-default\"><a href=\"https:\/\/cadenzagrouprd.com\/en\/nuestros-servicios\/\">Consulting and Business Development<\/a><\/h2>\t\t\t\t<\/div>\n\t\t\t\t<\/div>\n\t\t<div class=\"elementor-element elementor-element-671f2f3 e-con-full e-flex e-con e-child\" data-id=\"671f2f3\" data-element_type=\"container\" data-e-type=\"container\">\n\t\t\t\t<div class=\"elementor-element elementor-element-dd2c778 elementor-widget elementor-widget-image\" data-id=\"dd2c778\" data-element_type=\"widget\" data-e-type=\"widget\" data-widget_type=\"image.default\">\n\t\t\t\t\t\t\t\t\t\t\t\t\t\t\t\t<a href=\"https:\/\/cadenzagrouprd.com\/en\/nuestros-servicios\/\">\n\t\t\t\t\t\t\t<img decoding=\"async\" width=\"664\" height=\"372\" src=\"https:\/\/cadenzagrouprd.com\/wp-content\/uploads\/2025\/08\/Cadenza_s2.png\" class=\"elementor-animation-grow attachment-large size-large wp-image-73\" alt=\"\" srcset=\"https:\/\/cadenzagrouprd.com\/wp-content\/uploads\/2025\/08\/Cadenza_s2.png 664w, https:\/\/cadenzagrouprd.com\/wp-content\/uploads\/2025\/08\/Cadenza_s2-300x168.png 300w\" sizes=\"(max-width: 664px) 100vw, 664px\" \/>\t\t\t\t\t\t\t\t<\/a>\n\t\t\t\t\t\t\t\t\t\t\t\t\t\t\t<\/div>\n\t\t\t\t<div class=\"elementor-element elementor-element-e234bab elementor-widget elementor-widget-heading\" data-id=\"e234bab\" data-element_type=\"widget\" data-e-type=\"widget\" data-widget_type=\"heading.default\">\n\t\t\t\t\t<h2 class=\"elementor-heading-title elementor-size-default\"><a href=\"https:\/\/cadenzagrouprd.com\/en\/nuestros-servicios\/\">Optimization and Operational Efficiency<\/a><\/h2>\t\t\t\t<\/div>\n\t\t\t\t<\/div>\n\t\t<div class=\"elementor-element elementor-element-b03e551 e-con-full e-flex e-con e-child\" data-id=\"b03e551\" data-element_type=\"container\" data-e-type=\"container\">\n\t\t\t\t<div class=\"elementor-element elementor-element-fc7a555 elementor-widget elementor-widget-image\" data-id=\"fc7a555\" data-element_type=\"widget\" data-e-type=\"widget\" data-widget_type=\"image.default\">\n\t\t\t\t\t\t\t\t\t\t\t\t\t\t\t\t<a href=\"https:\/\/cadenzagrouprd.com\/en\/nuestros-servicios\/\">\n\t\t\t\t\t\t\t<img decoding=\"async\" width=\"664\" height=\"372\" src=\"https:\/\/cadenzagrouprd.com\/wp-content\/uploads\/2025\/08\/Cadenza_s3.png\" class=\"elementor-animation-grow attachment-large size-large wp-image-74\" alt=\"\" srcset=\"https:\/\/cadenzagrouprd.com\/wp-content\/uploads\/2025\/08\/Cadenza_s3.png 664w, https:\/\/cadenzagrouprd.com\/wp-content\/uploads\/2025\/08\/Cadenza_s3-300x168.png 300w\" sizes=\"(max-width: 664px) 100vw, 664px\" \/>\t\t\t\t\t\t\t\t<\/a>\n\t\t\t\t\t\t\t\t\t\t\t\t\t\t\t<\/div>\n\t\t\t\t<div class=\"elementor-element elementor-element-e7972f5 elementor-widget elementor-widget-heading\" data-id=\"e7972f5\" data-element_type=\"widget\" data-e-type=\"widget\" data-widget_type=\"heading.default\">\n\t\t\t\t\t<h2 class=\"elementor-heading-title elementor-size-default\"><a href=\"https:\/\/cadenzagrouprd.com\/en\/nuestros-servicios\/\">Tax and Compliance Advisory<\/a><\/h2>\t\t\t\t<\/div>\n\t\t\t\t<\/div>\n\t\t\t\t\t<\/div>\n\t\t\t\t<\/div>\n\t\t<div class=\"elementor-element elementor-element-26b84a4 e-con-full e-flex e-con e-parent\" data-id=\"26b84a4\" data-element_type=\"container\" data-e-type=\"container\" data-settings=\"{&quot;background_background&quot;:&quot;gradient&quot;}\">\n\t\t<div class=\"elementor-element elementor-element-47c37b0 e-con-full e-flex e-con e-child\" data-id=\"47c37b0\" data-element_type=\"container\" data-e-type=\"container\">\n\t\t\t\t<div class=\"elementor-element elementor-element-c3d2614 elementor-invisible elementor-widget elementor-widget-image\" data-id=\"c3d2614\" data-element_type=\"widget\" data-e-type=\"widget\" data-settings=\"{&quot;_animation&quot;:&quot;fadeInUp&quot;}\" data-widget_type=\"image.default\">\n\t\t\t\t\t\t\t\t\t\t\t\t\t\t\t<img loading=\"lazy\" decoding=\"async\" width=\"1116\" height=\"720\" src=\"https:\/\/cadenzagrouprd.com\/wp-content\/uploads\/2025\/08\/Proyecto-nuevo-41.webp\" class=\"attachment-1536x1536 size-1536x1536 wp-image-27\" alt=\"\" srcset=\"https:\/\/cadenzagrouprd.com\/wp-content\/uploads\/2025\/08\/Proyecto-nuevo-41.webp 1116w, https:\/\/cadenzagrouprd.com\/wp-content\/uploads\/2025\/08\/Proyecto-nuevo-41-300x194.webp 300w, https:\/\/cadenzagrouprd.com\/wp-content\/uploads\/2025\/08\/Proyecto-nuevo-41-1024x661.webp 1024w, https:\/\/cadenzagrouprd.com\/wp-content\/uploads\/2025\/08\/Proyecto-nuevo-41-768x495.webp 768w\" sizes=\"(max-width: 1116px) 100vw, 1116px\" \/>\t\t\t\t\t\t\t\t\t\t\t\t\t\t\t<\/div>\n\t\t\t\t<\/div>\n\t\t<div class=\"elementor-element elementor-element-f583c0e e-con-full e-flex e-con e-child\" data-id=\"f583c0e\" data-element_type=\"container\" data-e-type=\"container\">\n\t\t\t\t<div class=\"elementor-element elementor-element-0438566 elementor-invisible elementor-widget elementor-widget-heading\" data-id=\"0438566\" data-element_type=\"widget\" data-e-type=\"widget\" data-settings=\"{&quot;_animation&quot;:&quot;slideInRight&quot;}\" data-widget_type=\"heading.default\">\n\t\t\t\t\t<h2 class=\"elementor-heading-title elementor-size-default\">CADENZA GROUP SRL<\/h2>\t\t\t\t<\/div>\n\t\t\t\t<div class=\"elementor-element elementor-element-f837061 elementor-widget__width-initial elementor-invisible elementor-widget elementor-widget-heading\" data-id=\"f837061\" data-element_type=\"widget\" data-e-type=\"widget\" data-settings=\"{&quot;_animation&quot;:&quot;slideInRight&quot;}\" data-widget_type=\"heading.default\">\n\t\t\t\t\t<h2 class=\"elementor-heading-title elementor-size-default\">Specializes in business consulting, advisory services, and corporate support across diverse industries in both private and public sectors. We leverage innovative, world-class methodologies to drive strategic guidance and deliver measurable results for our clients. <\/h2>\t\t\t\t<\/div>\n\t\t\t\t<div class=\"elementor-element elementor-element-d45f31e elementor-widget elementor-widget-spacer\" data-id=\"d45f31e\" data-element_type=\"widget\" data-e-type=\"widget\" data-widget_type=\"spacer.default\">\n\t\t\t\t\t\t\t<div class=\"elementor-spacer\">\n\t\t\t<div class=\"elementor-spacer-inner\"><\/div>\n\t\t<\/div>\n\t\t\t\t\t\t<\/div>\n\t\t\t\t<div class=\"elementor-element elementor-element-3f8cd98 elementor-widget elementor-widget-spacer\" data-id=\"3f8cd98\" data-element_type=\"widget\" data-e-type=\"widget\" data-widget_type=\"spacer.default\">\n\t\t\t\t\t\t\t<div class=\"elementor-spacer\">\n\t\t\t<div class=\"elementor-spacer-inner\"><\/div>\n\t\t<\/div>\n\t\t\t\t\t\t<\/div>\n\t\t\t\t<\/div>\n\t\t\t\t<\/div>\n\t\t<div class=\"elementor-element elementor-element-2149bff e-flex e-con-boxed e-con e-parent\" data-id=\"2149bff\" data-element_type=\"container\" data-e-type=\"container\">\n\t\t\t\t\t<div class=\"e-con-inner\">\n\t\t\t\t<div class=\"elementor-element elementor-element-e9ef132 elementor-widget elementor-widget-heading\" data-id=\"e9ef132\" data-element_type=\"widget\" data-e-type=\"widget\" data-widget_type=\"heading.default\">\n\t\t\t\t\t<h2 class=\"elementor-heading-title elementor-size-default\">Our blog<\/h2>\t\t\t\t<\/div>\n\t\t\t\t\t<\/div>\n\t\t\t\t<\/div>\n\t\t<div class=\"elementor-element elementor-element-9986d91 e-flex e-con-boxed e-con e-parent\" data-id=\"9986d91\" data-element_type=\"container\" data-e-type=\"container\">\n\t\t\t\t\t<div class=\"e-con-inner\">\n\t\t\t\t<div class=\"elementor-element elementor-element-21d11b5 elementor-grid-3 elementor-grid-tablet-2 elementor-grid-mobile-1 elementor-posts--thumbnail-top elementor-card-shadow-yes elementor-posts__hover-gradient elementor-widget elementor-widget-posts\" data-id=\"21d11b5\" data-element_type=\"widget\" data-e-type=\"widget\" data-settings=\"{&quot;cards_row_gap&quot;:{&quot;unit&quot;:&quot;px&quot;,&quot;size&quot;:36,&quot;sizes&quot;:[]},&quot;cards_columns&quot;:&quot;3&quot;,&quot;cards_columns_tablet&quot;:&quot;2&quot;,&quot;cards_columns_mobile&quot;:&quot;1&quot;,&quot;cards_row_gap_tablet&quot;:{&quot;unit&quot;:&quot;px&quot;,&quot;size&quot;:&quot;&quot;,&quot;sizes&quot;:[]},&quot;cards_row_gap_mobile&quot;:{&quot;unit&quot;:&quot;px&quot;,&quot;size&quot;:&quot;&quot;,&quot;sizes&quot;:[]}}\" data-widget_type=\"posts.cards\">\n\t\t\t\t<div class=\"elementor-widget-container\">\n\t\t\t\t\t\t\t<div class=\"elementor-posts-container elementor-posts elementor-posts--skin-cards elementor-grid\" role=\"list\">\n\t\t\t\t<article class=\"elementor-post elementor-grid-item post-294 post type-post status-publish format-standard has-post-thumbnail hentry category-economicas\" role=\"listitem\">\n\t\t\t<div class=\"elementor-post__card\">\n\t\t\t\t<a class=\"elementor-post__thumbnail__link\" href=\"https:\/\/cadenzagrouprd.com\/en\/de-valores-declarativos-a-gestion-de-riesgos-la-nuevageneracion-de-codigos-de-etica\/\" tabindex=\"-1\" ><div class=\"elementor-post__thumbnail\"><img loading=\"lazy\" decoding=\"async\" width=\"800\" height=\"534\" src=\"https:\/\/cadenzagrouprd.com\/wp-content\/uploads\/2026\/02\/valores-declarativos.png\" class=\"attachment-large size-large wp-image-295\" alt=\"\" srcset=\"https:\/\/cadenzagrouprd.com\/wp-content\/uploads\/2026\/02\/valores-declarativos.png 923w, https:\/\/cadenzagrouprd.com\/wp-content\/uploads\/2026\/02\/valores-declarativos-300x200.png 300w, https:\/\/cadenzagrouprd.com\/wp-content\/uploads\/2026\/02\/valores-declarativos-768x513.png 768w, https:\/\/cadenzagrouprd.com\/wp-content\/uploads\/2026\/02\/valores-declarativos-18x12.png 18w\" sizes=\"(max-width: 800px) 100vw, 800px\" \/><\/div><\/a>\n\t\t\t\t<div class=\"elementor-post__badge\">Economics<\/div>\n\t\t\t\t<div class=\"elementor-post__text\">\n\t\t\t\t<h3 class=\"elementor-post__title\">\n\t\t\t<a href=\"https:\/\/cadenzagrouprd.com\/en\/de-valores-declarativos-a-gestion-de-riesgos-la-nuevageneracion-de-codigos-de-etica\/\" >\n\t\t\t\tFrom Declarative Values to Risk Management: The New Generation of Codes of Ethics\t\t\t<\/a>\n\t\t<\/h3>\n\t\t\t\t<\/div>\n\t\t\t\t<div class=\"elementor-post__meta-data\">\n\t\t\t\t\t<span class=\"elementor-post-date\">\n\t\t\tFebruary 26, 2026\t\t<\/span>\n\t\t\t\t<\/div>\n\t\t\t\t\t<\/div>\n\t\t<\/article>\n\t\t\t\t<article class=\"elementor-post elementor-grid-item post-261 post type-post status-publish format-standard has-post-thumbnail hentry category-economicas\" role=\"listitem\">\n\t\t\t<div class=\"elementor-post__card\">\n\t\t\t\t<a class=\"elementor-post__thumbnail__link\" href=\"https:\/\/cadenzagrouprd.com\/en\/gobernanza-con-rostro-humano-como-las-personas-marcan-la-diferencia-en-proyectos-regulados\/\" tabindex=\"-1\" ><div class=\"elementor-post__thumbnail\"><img loading=\"lazy\" decoding=\"async\" width=\"800\" height=\"450\" src=\"https:\/\/cadenzagrouprd.com\/wp-content\/uploads\/2025\/11\/Proyecto-nuevo-5-1024x576.webp\" class=\"attachment-large size-large wp-image-263\" alt=\"\" srcset=\"https:\/\/cadenzagrouprd.com\/wp-content\/uploads\/2025\/11\/Proyecto-nuevo-5-1024x576.webp 1024w, https:\/\/cadenzagrouprd.com\/wp-content\/uploads\/2025\/11\/Proyecto-nuevo-5-300x169.webp 300w, https:\/\/cadenzagrouprd.com\/wp-content\/uploads\/2025\/11\/Proyecto-nuevo-5-768x432.webp 768w, https:\/\/cadenzagrouprd.com\/wp-content\/uploads\/2025\/11\/Proyecto-nuevo-5-18x10.webp 18w, https:\/\/cadenzagrouprd.com\/wp-content\/uploads\/2025\/11\/Proyecto-nuevo-5.webp 1280w\" sizes=\"(max-width: 800px) 100vw, 800px\" \/><\/div><\/a>\n\t\t\t\t<div class=\"elementor-post__badge\">Economics<\/div>\n\t\t\t\t<div class=\"elementor-post__text\">\n\t\t\t\t<h3 class=\"elementor-post__title\">\n\t\t\t<a href=\"https:\/\/cadenzagrouprd.com\/en\/gobernanza-con-rostro-humano-como-las-personas-marcan-la-diferencia-en-proyectos-regulados\/\" >\n\t\t\t\tHuman-centered governance: how people make the difference in regulated projects.\t\t\t<\/a>\n\t\t<\/h3>\n\t\t\t\t<\/div>\n\t\t\t\t<div class=\"elementor-post__meta-data\">\n\t\t\t\t\t<span class=\"elementor-post-date\">\n\t\t\tNovember 21, 2025\t\t<\/span>\n\t\t\t\t<\/div>\n\t\t\t\t\t<\/div>\n\t\t<\/article>\n\t\t\t\t<article class=\"elementor-post elementor-grid-item post-146 post type-post status-publish format-standard has-post-thumbnail hentry category-economicas\" role=\"listitem\">\n\t\t\t<div class=\"elementor-post__card\">\n\t\t\t\t<a class=\"elementor-post__thumbnail__link\" href=\"https:\/\/cadenzagrouprd.com\/en\/sistemas-de-trazabilidad-como-herramientas-de-control-fiscal\/\" tabindex=\"-1\" ><div class=\"elementor-post__thumbnail\"><img loading=\"lazy\" decoding=\"async\" width=\"800\" height=\"534\" src=\"https:\/\/cadenzagrouprd.com\/wp-content\/uploads\/2025\/08\/image-1024x683.png\" class=\"attachment-large size-large wp-image-227\" alt=\"\" srcset=\"https:\/\/cadenzagrouprd.com\/wp-content\/uploads\/2025\/08\/image-1024x683.png 1024w, https:\/\/cadenzagrouprd.com\/wp-content\/uploads\/2025\/08\/image-300x200.png 300w, https:\/\/cadenzagrouprd.com\/wp-content\/uploads\/2025\/08\/image-768x512.png 768w, https:\/\/cadenzagrouprd.com\/wp-content\/uploads\/2025\/08\/image-18x12.png 18w, https:\/\/cadenzagrouprd.com\/wp-content\/uploads\/2025\/08\/image.png 1191w\" sizes=\"(max-width: 800px) 100vw, 800px\" \/><\/div><\/a>\n\t\t\t\t<div class=\"elementor-post__badge\">Economics<\/div>\n\t\t\t\t<div class=\"elementor-post__text\">\n\t\t\t\t<h3 class=\"elementor-post__title\">\n\t\t\t<a href=\"https:\/\/cadenzagrouprd.com\/en\/sistemas-de-trazabilidad-como-herramientas-de-control-fiscal\/\" >\n\t\t\t\tTraceability systems as fiscal control tools\t\t\t<\/a>\n\t\t<\/h3>\n\t\t\t\t<\/div>\n\t\t\t\t<div class=\"elementor-post__meta-data\">\n\t\t\t\t\t<span class=\"elementor-post-date\">\n\t\t\tAugust 23, 2025\t\t<\/span>\n\t\t\t\t<\/div>\n\t\t\t\t\t<\/div>\n\t\t<\/article>\n\t\t\t\t<\/div>\n\t\t\n\t\t\t\t\t\t<\/div>\n\t\t\t\t<\/div>\n\t\t\t\t\t<\/div>\n\t\t\t\t<\/div>\n\t\t\t\t<\/div>","protected":false},"excerpt":{"rendered":"<p>CADENZA GROUP CONSULTOR\u00cdA EMPRESARIAL CORPORATIVA Nuestros Servicios Consultor\u00eda y Desarrollo de Negocios Optimizaci\u00f3n y Eficiencia Operacional Asesor\u00eda Fiscal y de Cumplimiento Normativo Estamos para servirte<\/p>","protected":false},"author":1,"featured_media":0,"parent":0,"menu_order":0,"comment_status":"closed","ping_status":"closed","template":"elementor_header_footer","meta":{"footnotes":""},"class_list":["post-32","page","type-page","status-publish","hentry"],"_links":{"self":[{"href":"https:\/\/cadenzagrouprd.com\/en\/wp-json\/wp\/v2\/pages\/32","targetHints":{"allow":["GET"]}}],"collection":[{"href":"https:\/\/cadenzagrouprd.com\/en\/wp-json\/wp\/v2\/pages"}],"about":[{"href":"https:\/\/cadenzagrouprd.com\/en\/wp-json\/wp\/v2\/types\/page"}],"author":[{"embeddable":true,"href":"https:\/\/cadenzagrouprd.com\/en\/wp-json\/wp\/v2\/users\/1"}],"replies":[{"embeddable":true,"href":"https:\/\/cadenzagrouprd.com\/en\/wp-json\/wp\/v2\/comments?post=32"}],"version-history":[{"count":55,"href":"https:\/\/cadenzagrouprd.com\/en\/wp-json\/wp\/v2\/pages\/32\/revisions"}],"predecessor-version":[{"id":268,"href":"https:\/\/cadenzagrouprd.com\/en\/wp-json\/wp\/v2\/pages\/32\/revisions\/268"}],"wp:attachment":[{"href":"https:\/\/cadenzagrouprd.com\/en\/wp-json\/wp\/v2\/media?parent=32"}],"curies":[{"name":"wp","href":"https:\/\/api.w.org\/{rel}","templated":true}]}}